{"id":2,"date":"2022-04-27T15:19:38","date_gmt":"2022-04-27T18:19:38","guid":{"rendered":"https:\/\/tutoriais.tce.ce.gov.br\/sim\/?page_id=2"},"modified":"2022-08-10T12:06:02","modified_gmt":"2022-08-10T15:06:02","slug":"pagina-exemplo","status":"publish","type":"page","link":"https:\/\/tutoriais.tce.ce.gov.br\/sim\/","title":{"rendered":"Tutoriais \u2013 SIMWeb"},"content":{"rendered":"\n<p>Esta \u00e9 uma p\u00e1gina  consiste em um conte\u00fado criado para\u00a0ensinar a utiliza\u00e7\u00e3o de algumas funcionalidades referente ao<strong> SIMWeb<\/strong>. <\/p>\n\n\n\n<p>Contendo&nbsp;<strong>manuais, instru\u00e7\u00f5es ou explica\u00e7\u00f5es relativas <\/strong>ao portal com informa\u00e7\u00f5es que est\u00e3o relacionadas aos conte\u00fados inform\u00e1ticos ou tecnol\u00f3gicos desta aplica\u00e7\u00e3o.<\/p>\n\n\n\n<p>As informa\u00e7\u00f5es transmitidas aqui apresentam um &#8220;passo a passo&#8221; sobre a utiliza\u00e7\u00e3o de fun\u00e7\u00f5es b\u00e1sicas e tirando as d\u00favidas corriqueiras sobre usabilidades.<\/p>\n\n\n\n<p><\/p>\n","protected":false},"excerpt":{"rendered":"<p>Esta \u00e9 uma p\u00e1gina consiste em um conte\u00fado criado para\u00a0ensinar a utiliza\u00e7\u00e3o de algumas funcionalidades referente ao SIMWeb. Contendo&nbsp;manuais, instru\u00e7\u00f5es ou explica\u00e7\u00f5es relativas ao portal com informa\u00e7\u00f5es que est\u00e3o relacionadas aos conte\u00fados inform\u00e1ticos ou tecnol\u00f3gicos desta aplica\u00e7\u00e3o. As informa\u00e7\u00f5es transmitidas aqui apresentam um &#8220;passo a passo&#8221; sobre a utiliza\u00e7\u00e3o de fun\u00e7\u00f5es b\u00e1sicas e tirando as [&hellip;]<\/p>\n","protected":false},"author":27,"featured_media":0,"parent":0,"menu_order":0,"comment_status":"closed","ping_status":"closed","template":"pages\/pagina-inicial.php","meta":[],"_links":{"self":[{"href":"https:\/\/tutoriais.tce.ce.gov.br\/sim\/wp-json\/wp\/v2\/pages\/2"}],"collection":[{"href":"https:\/\/tutoriais.tce.ce.gov.br\/sim\/wp-json\/wp\/v2\/pages"}],"about":[{"href":"https:\/\/tutoriais.tce.ce.gov.br\/sim\/wp-json\/wp\/v2\/types\/page"}],"author":[{"embeddable":true,"href":"https:\/\/tutoriais.tce.ce.gov.br\/sim\/wp-json\/wp\/v2\/users\/27"}],"replies":[{"embeddable":true,"href":"https:\/\/tutoriais.tce.ce.gov.br\/sim\/wp-json\/wp\/v2\/comments?post=2"}],"version-history":[{"count":4,"href":"https:\/\/tutoriais.tce.ce.gov.br\/sim\/wp-json\/wp\/v2\/pages\/2\/revisions"}],"predecessor-version":[{"id":147,"href":"https:\/\/tutoriais.tce.ce.gov.br\/sim\/wp-json\/wp\/v2\/pages\/2\/revisions\/147"}],"wp:attachment":[{"href":"https:\/\/tutoriais.tce.ce.gov.br\/sim\/wp-json\/wp\/v2\/media?parent=2"}],"curies":[{"name":"wp","href":"https:\/\/api.w.org\/{rel}","templated":true}]}}