{"id":2,"date":"2022-08-08T12:17:34","date_gmt":"2022-08-08T15:17:34","guid":{"rendered":"https:\/\/tutoriais.tce.ce.gov.br\/portal-de-licitacoes-municipios\/?page_id=2"},"modified":"2022-08-10T11:59:37","modified_gmt":"2022-08-10T14:59:37","slug":"pagina-de-exemplo","status":"publish","type":"page","link":"https:\/\/tutoriais.tce.ce.gov.br\/portal-de-licitacoes-municipios\/","title":{"rendered":"Tutoriais \u2013 Portal de Licita\u00e7\u00f5es dos Munic\u00edpios"},"content":{"rendered":"\n<p>Esta \u00e9 uma p\u00e1gina  consiste em um conte\u00fado criado para\u00a0ensinar a utiliza\u00e7\u00e3o de algumas funcionalidades referente ao<strong> Portal de licita\u00e7\u00f5es dos Munic\u00edpios<\/strong>. <\/p>\n\n\n\n<p>Contendo\u00a0<strong>manuais, instru\u00e7\u00f5es ou explica\u00e7\u00f5es relativas <\/strong>ao portal com informa\u00e7\u00f5es que est\u00e3o relacionadas aos conte\u00fados inform\u00e1ticos ou tecnol\u00f3gicos desta aplica\u00e7\u00e3o.<\/p>\n\n\n\n<p>As informa\u00e7\u00f5es transmitidas aqui apresentam um &#8220;passo a passo&#8221; sobre a utiliza\u00e7\u00e3o de fun\u00e7\u00f5es b\u00e1sicas e tirando as d\u00favidas corriqueiras sobre usabilidades.<\/p>\n\n\n\n<p><\/p>\n","protected":false},"excerpt":{"rendered":"<p>Esta \u00e9 uma p\u00e1gina consiste em um conte\u00fado criado para\u00a0ensinar a utiliza\u00e7\u00e3o de algumas funcionalidades referente ao Portal de licita\u00e7\u00f5es dos Munic\u00edpios. Contendo\u00a0manuais, instru\u00e7\u00f5es ou explica\u00e7\u00f5es relativas ao portal com informa\u00e7\u00f5es que est\u00e3o relacionadas aos conte\u00fados inform\u00e1ticos ou tecnol\u00f3gicos desta aplica\u00e7\u00e3o. As informa\u00e7\u00f5es transmitidas aqui apresentam um &#8220;passo a passo&#8221; sobre a utiliza\u00e7\u00e3o de fun\u00e7\u00f5es [&hellip;]<\/p>\n","protected":false},"author":2,"featured_media":0,"parent":0,"menu_order":0,"comment_status":"closed","ping_status":"open","template":"pages\/pagina-inicial.php","meta":[],"_links":{"self":[{"href":"https:\/\/tutoriais.tce.ce.gov.br\/portal-de-licitacoes-municipios\/wp-json\/wp\/v2\/pages\/2"}],"collection":[{"href":"https:\/\/tutoriais.tce.ce.gov.br\/portal-de-licitacoes-municipios\/wp-json\/wp\/v2\/pages"}],"about":[{"href":"https:\/\/tutoriais.tce.ce.gov.br\/portal-de-licitacoes-municipios\/wp-json\/wp\/v2\/types\/page"}],"author":[{"embeddable":true,"href":"https:\/\/tutoriais.tce.ce.gov.br\/portal-de-licitacoes-municipios\/wp-json\/wp\/v2\/users\/2"}],"replies":[{"embeddable":true,"href":"https:\/\/tutoriais.tce.ce.gov.br\/portal-de-licitacoes-municipios\/wp-json\/wp\/v2\/comments?post=2"}],"version-history":[{"count":2,"href":"https:\/\/tutoriais.tce.ce.gov.br\/portal-de-licitacoes-municipios\/wp-json\/wp\/v2\/pages\/2\/revisions"}],"predecessor-version":[{"id":18,"href":"https:\/\/tutoriais.tce.ce.gov.br\/portal-de-licitacoes-municipios\/wp-json\/wp\/v2\/pages\/2\/revisions\/18"}],"wp:attachment":[{"href":"https:\/\/tutoriais.tce.ce.gov.br\/portal-de-licitacoes-municipios\/wp-json\/wp\/v2\/media?parent=2"}],"curies":[{"name":"wp","href":"https:\/\/api.w.org\/{rel}","templated":true}]}}