{"id":2,"date":"2020-01-14T14:49:54","date_gmt":"2020-01-14T17:49:54","guid":{"rendered":"https:\/\/tutoriais.tce.ce.gov.br\/?page_id=2"},"modified":"2026-03-03T10:19:02","modified_gmt":"2026-03-03T13:19:02","slug":"pagina-exemplo","status":"publish","type":"page","link":"https:\/\/tutoriais.tce.ce.gov.br\/","title":{"rendered":"Tutoriais TCE Cear\u00e1"},"content":{"rendered":"\n<h2><a href=\"https:\/\/plenariovirtual.tce.ce.gov.br\/ajuda\">Plen\u00e1rio Virtual<\/a><\/h2>\n\n\n\n<p>Neste tutorial veja informa\u00e7\u00f5es sobre o sistema Plen\u00e1rio Virtual.<\/p>\n\n\n\n<h2><a href=\"http:\/\/intranet.tce.ce.gov.br\/sti\/manuais\/manual-econtas.pdf\" target=\"_blank\" rel=\"noreferrer noopener\">Presta\u00e7\u00e3o de Contas Eletr\u00f4nicas ao TCE<\/a><\/h2>\n\n\n\n<p>Neste Manual o usu\u00e1rio ter\u00e1 as informa\u00e7\u00f5es necess\u00e1rias de como enviar a Presta\u00e7\u00e3o de Contas Eletr\u00f4nica ao Tribunal de Contas do Estado do Cear\u00e1, o material est\u00e1 dispon\u00edvel para dowload, para acess\u00e1-lo basta clicar na imagem ao lado.<\/p>\n\n\n\n<h2><a href=\"http:\/\/intranet.tce.ce.gov.br\/sti\/manuais\/manual-etce-saop.pdf\" target=\"_blank\" rel=\"noreferrer noopener\">An\u00e1lise de Ordens de Pagamentos ao TCE<\/a><\/h2>\n\n\n\n<p>Neste Manual o usu\u00e1rio ter\u00e1 as informa\u00e7\u00f5es necess\u00e1rias de como enviar o arquivo com as informa\u00e7\u00f5es da Ordem Cronol\u00f3gica de Exigibilidade ao Tribunal de Contas do Estado do Cear\u00e1, o material est\u00e1 dispon\u00edvel para dowload, para acess\u00e1-lo basta clicar na imagem ao lado.<\/p>\n\n\n\n<h2><a href=\"https:\/\/tutoriais.tce.ce.gov.br\/sim\/\" target=\"_blank\" rel=\"noreferrer noopener\">SIMWeb<\/a><\/h2>\n\n\n\n<p>Esta \u00e9 uma p\u00e1gina consiste em um conte\u00fado criado para ensinar a utiliza\u00e7\u00e3o de algumas funcionalidades referente ao SIMWeb.<\/p>\n\n\n\n<h2><a href=\"https:\/\/tutoriais.tce.ce.gov.br\/portal-de-licitacoes-municipios\/\" target=\"_blank\" rel=\"noreferrer noopener\">Portal de licita\u00e7\u00f5es dos Munic\u00edpios<\/a><\/h2>\n\n\n\n<p>Esta \u00e9 uma p\u00e1gina consiste em um conte\u00fado criado para ensinar a utiliza\u00e7\u00e3o de algumas funcionalidades referente ao Portal de licita\u00e7\u00f5es dos Munic\u00edpios.<\/p>\n\n\n\n<h2><a href=\"https:\/\/etransparencia.tce.ce.gov.br\/ajuda\" target=\"_blank\" rel=\"noreferrer noopener\">eTranspar\u00eancia<\/a><\/h2>\n\n\n\n<p>Este tutorial foi elaborado com o objetivo de divulgar o novo Sistema eTranspar\u00eancia, assim como para ensinar a utiliza\u00e7\u00e3o de suas principais ferramentas. <a rel=\"noreferrer noopener\" href=\"https:\/\/www.youtube.com\/watch?v=G8DXCy62b4M\" target=\"_blank\">V\u00eddeo Tutorial &#8211; Sistema eTranspar\u00eancia (YouTube)<\/a><\/p>\n\n\n\n<h2><a href=\"https:\/\/tutoriais.tce.ce.gov.br\/agora\/\" target=\"_blank\" rel=\"noreferrer noopener\">\u00c1gora<\/a><\/h2>\n\n\n\n<p>Tutorial sobre o sistema \u00c1gora para envio e monitoramento de presta\u00e7\u00f5es de contas.<\/p>\n\n\n\n<h2><a href=\"https:\/\/tutoriais.tce.ce.gov.br\/tce-ceara\" target=\"_blank\" rel=\"noreferrer noopener\">Servi\u00e7os Eletr\u00f4nicos<\/a><\/h2>\n\n\n\n<p>Tutorial dos seguintes servi\u00e7os dispon\u00edveis e outras informa\u00e7\u00f5es relacionadas ao TCE Cear\u00e1:<\/p>\n\n\n\n<ul>\n<li>Geral\n<ul>\n<li><a href=\"https:\/\/tutoriais.tce.ce.gov.br\/tce-ceara\/como-limpar-o-cache-do-navegador\/\">Como limpar o cache do navegador<\/a><\/li>\n\n\n\n<li><a href=\"https:\/\/tutoriais.tce.ce.gov.br\/tce-ceara\/validando-assinatura-digital-de-documentos-processuais\/\">Validando assinatura digital de documentos processuais<\/a><\/li>\n\n\n\n<li><a href=\"https:\/\/tutoriais.tce.ce.gov.br\/tce-ceara\/instrucoes-para-assinatura-digital\/\">Instru\u00e7\u00f5es para assinatura digital<\/a><\/li>\n\n\n\n<li><a href=\"https:\/\/tutoriais.tce.ce.gov.br\/tce-ceara\/legislacao\/\">Legisla\u00e7\u00e3o<\/a><\/li>\n\n\n\n<li><a href=\"https:\/\/tutoriais.tce.ce.gov.br\/tce-ceara\/como-assinar-documentos\/\">Como assinar documentos<\/a><\/li>\n\n\n\n<li><a href=\"https:\/\/tutoriais.tce.ce.gov.br\/tce-ceara\/alterar-dados-cadastrais\/\">Alterar dados cadastrais<\/a><\/li>\n\n\n\n<li><a href=\"https:\/\/tutoriais.tce.ce.gov.br\/tce-ceara\/recuperar-senha\/\">Recuperar senha<\/a><\/li>\n\n\n\n<li><a href=\"https:\/\/tutoriais.tce.ce.gov.br\/tce-ceara\/como-se-cadastrar-no-sistema\/\">Como se cadastrar no sistema<\/a><\/li>\n\n\n\n<li><a href=\"https:\/\/tutoriais.tce.ce.gov.br\/tce-ceara\/como-acessar-o-sistema\/\">Como acessar o sistema<\/a><\/li>\n\n\n\n<li><a href=\"https:\/\/tutoriais.tce.ce.gov.br\/tce-ceara\/documentos-para-download\/\">Termo de ades\u00e3o<\/a><\/li>\n<\/ul>\n<\/li>\n\n\n\n<li>\u00c1gora<\/li>\n\n\n\n<li>eContas Municipal<\/li>\n\n\n\n<li>eTranspar\u00eancia<\/li>\n\n\n\n<li>Peticionamento Eletr\u00f4nico<\/li>\n\n\n\n<li>SAOP<\/li>\n<\/ul>\n\n\n\n<h2><a href=\"https:\/\/tutoriais.tce.ce.gov.br\/atos-de-registro\/\" target=\"_blank\" rel=\"noreferrer noopener\">Sistema de Registro de Pessoal (SRP)<\/a><\/h2>\n\n\n\n<p><\/p>\n\n\n\n<p>Disponibilizamos abaixo os tutoriais referentes \u00e0s Instru\u00e7\u00f5es Normativas do SRP:<\/p>\n\n\n\n<p><strong>IN de Aposentadoria<\/strong><br><a href=\"https:\/\/sites.google.com\/tce.ce.gov.br\/tutoriais\/srp\/in-de-aposentadoria\">https:\/\/sites.google.com\/tce.ce.gov.br\/tutoriais\/srp\/in-de-aposentadoria<\/a><\/p>\n\n\n\n<p><strong>IN de Pens\u00e3o<\/strong><br><a href=\"https:\/\/sites.google.com\/tce.ce.gov.br\/tutoriais\/srp\/in-de-pens%C3%A3o\">https:\/\/sites.google.com\/tce.ce.gov.br\/tutoriais\/srp\/in-de-pens%C3%A3o<\/a><\/p>\n\n\n\n<p><strong>IN de Admiss\u00e3o<\/strong><br><a href=\"https:\/\/sites.google.com\/tce.ce.gov.br\/tutoriais\/srp\/in-de-admiss%C3%A3o\">https:\/\/sites.google.com\/tce.ce.gov.br\/tutoriais\/srp\/in-de-admiss%C3%A3o<\/a><\/p>\n\n\n\n<h2><a href=\"https:\/\/tutoriais.tce.ce.gov.br\/atos-de-registro\/\" target=\"_blank\" rel=\"noreferrer noopener\">Sistema de Registro de Pessoal (SRP)<\/a><\/h2>\n\n\n\n<p>Tutorial do Sistema de Registro de Pessoal (SRP), sistema utilizado para o envio ao TCE Cear\u00e1 de dados e documentos de atos sujeitos a registro (admiss\u00e3o, aposentadoria e pens\u00f5es) pelos \u00f3rg\u00e3os da administra\u00e7\u00e3o p\u00fablica estadual e municipal, para an\u00e1lise e julgamento.<\/p>\n\n\n\n<ul><\/ul>\n","protected":false},"excerpt":{"rendered":"<p>Plen\u00e1rio Virtual Neste tutorial veja informa\u00e7\u00f5es sobre o sistema Plen\u00e1rio Virtual. Presta\u00e7\u00e3o de Contas Eletr\u00f4nicas ao TCE Neste Manual o usu\u00e1rio ter\u00e1 as informa\u00e7\u00f5es necess\u00e1rias de como enviar a Presta\u00e7\u00e3o de Contas Eletr\u00f4nica ao Tribunal de Contas do Estado do Cear\u00e1, o material est\u00e1 dispon\u00edvel para dowload, para acess\u00e1-lo basta clicar na imagem ao lado. [&hellip;]<\/p>\n","protected":false},"author":1,"featured_media":0,"parent":0,"menu_order":0,"comment_status":"closed","ping_status":"open","template":"","meta":[],"_links":{"self":[{"href":"https:\/\/tutoriais.tce.ce.gov.br\/index.php?rest_route=\/wp\/v2\/pages\/2"}],"collection":[{"href":"https:\/\/tutoriais.tce.ce.gov.br\/index.php?rest_route=\/wp\/v2\/pages"}],"about":[{"href":"https:\/\/tutoriais.tce.ce.gov.br\/index.php?rest_route=\/wp\/v2\/types\/page"}],"author":[{"embeddable":true,"href":"https:\/\/tutoriais.tce.ce.gov.br\/index.php?rest_route=\/wp\/v2\/users\/1"}],"replies":[{"embeddable":true,"href":"https:\/\/tutoriais.tce.ce.gov.br\/index.php?rest_route=%2Fwp%2Fv2%2Fcomments&post=2"}],"version-history":[{"count":6,"href":"https:\/\/tutoriais.tce.ce.gov.br\/index.php?rest_route=\/wp\/v2\/pages\/2\/revisions"}],"predecessor-version":[{"id":138,"href":"https:\/\/tutoriais.tce.ce.gov.br\/index.php?rest_route=\/wp\/v2\/pages\/2\/revisions\/138"}],"wp:attachment":[{"href":"https:\/\/tutoriais.tce.ce.gov.br\/index.php?rest_route=%2Fwp%2Fv2%2Fmedia&parent=2"}],"curies":[{"name":"wp","href":"https:\/\/api.w.org\/{rel}","templated":true}]}}